{"id":7537,"date":"2025-11-13T09:32:00","date_gmt":"2025-11-13T06:32:00","guid":{"rendered":"https:\/\/silsalgroup.com\/?page_id=7537"},"modified":"2026-04-08T23:29:32","modified_gmt":"2026-04-08T20:29:32","slug":"parsiyel-tasimacilik","status":"publish","type":"page","link":"https:\/\/silsalgroup.com\/tr\/parsiyel-tasimacilik\/","title":{"rendered":"Parsiyel ta\u015f\u0131mac\u0131l\u0131k"},"content":{"rendered":"","protected":false},"excerpt":{"rendered":"","protected":false},"author":3,"featured_media":7550,"parent":0,"menu_order":0,"comment_status":"closed","ping_status":"closed","template":"","meta":{"footnotes":""},"class_list":["post-7537","page","type-page","status-publish","has-post-thumbnail","hentry"],"_hostinger_reach_plugin_has_subscription_block":false,"_hostinger_reach_plugin_is_elementor":false,"_links":{"self":[{"href":"https:\/\/silsalgroup.com\/tr\/wp-json\/wp\/v2\/pages\/7537","targetHints":{"allow":["GET"]}}],"collection":[{"href":"https:\/\/silsalgroup.com\/tr\/wp-json\/wp\/v2\/pages"}],"about":[{"href":"https:\/\/silsalgroup.com\/tr\/wp-json\/wp\/v2\/types\/page"}],"author":[{"embeddable":true,"href":"https:\/\/silsalgroup.com\/tr\/wp-json\/wp\/v2\/users\/3"}],"replies":[{"embeddable":true,"href":"https:\/\/silsalgroup.com\/tr\/wp-json\/wp\/v2\/comments?post=7537"}],"version-history":[{"count":22,"href":"https:\/\/silsalgroup.com\/tr\/wp-json\/wp\/v2\/pages\/7537\/revisions"}],"predecessor-version":[{"id":9560,"href":"https:\/\/silsalgroup.com\/tr\/wp-json\/wp\/v2\/pages\/7537\/revisions\/9560"}],"wp:featuredmedia":[{"embeddable":true,"href":"https:\/\/silsalgroup.com\/tr\/wp-json\/wp\/v2\/media\/7550"}],"wp:attachment":[{"href":"https:\/\/silsalgroup.com\/tr\/wp-json\/wp\/v2\/media?parent=7537"}],"curies":[{"name":"wp","href":"https:\/\/api.w.org\/{rel}","templated":true}]}}